{"id":108,"date":"2019-06-07T07:21:49","date_gmt":"2019-06-07T06:21:49","guid":{"rendered":"http:\/\/horde-der-finsternis.de\/wordpress\/?page_id=108"},"modified":"2024-08-03T20:34:17","modified_gmt":"2024-08-03T19:34:17","slug":"e-books","status":"publish","type":"page","link":"https:\/\/horde-der-finsternis.de\/wordpress\/e-books\/","title":{"rendered":"E-Books und PDFs"},"content":{"rendered":"\n<p>Hier erscheinen nach und nach E-Books mit den Geschichten aus der Horde der Finsternis<\/p>\n\n\n\n<h2 class=\"wp-block-heading\">Macumba erwacht<\/h2>\n\n\n\n<p>Jeweils die vorl\u00e4ufigen Fassungen &#8211; wird noch h\u00fcbscher gemacht!<\/p>\n\n\n\n<div class=\"wp-block-file\"><a id=\"wp-block-file--media-3fbb7b10-59c6-4b1e-87af-1eb577642402\" href=\"https:\/\/horde-der-finsternis.de\/wordpress\/wp-content\/uploads\/2024\/08\/Macumba-erwacht.epub\">Macumba erwacht<\/a><a href=\"https:\/\/horde-der-finsternis.de\/wordpress\/wp-content\/uploads\/2024\/08\/Macumba-erwacht.epub\" class=\"wp-block-file__button wp-element-button\" download aria-describedby=\"wp-block-file--media-3fbb7b10-59c6-4b1e-87af-1eb577642402\">Herunterladen<\/a><\/div>\n\n\n\n<div data-wp-interactive=\"core\/file\" class=\"wp-block-file\"><object data-wp-bind--hidden=\"!state.hasPdfPreview\" hidden class=\"wp-block-file__embed\" data=\"https:\/\/horde-der-finsternis.de\/wordpress\/wp-content\/uploads\/2024\/08\/Macumba-erwacht.pdf\" type=\"application\/pdf\" style=\"width:100%;height:600px\" aria-label=\"Einbettung von Macumba erwacht.\"><\/object><a id=\"wp-block-file--media-b98f3dd5-6bf8-4ffe-a35b-6018882afdd8\" href=\"https:\/\/horde-der-finsternis.de\/wordpress\/wp-content\/uploads\/2024\/08\/Macumba-erwacht.pdf\" target=\"_blank\" rel=\"noreferrer noopener\">Macumba erwacht<\/a><a href=\"https:\/\/horde-der-finsternis.de\/wordpress\/wp-content\/uploads\/2024\/08\/Macumba-erwacht.pdf\" class=\"wp-block-file__button wp-element-button\" download aria-describedby=\"wp-block-file--media-b98f3dd5-6bf8-4ffe-a35b-6018882afdd8\">Herunterladen<\/a><\/div>\n\n\n\n<h2 class=\"wp-block-heading\">Widerhall der Welt, Echo der Schlacht (aktualisiert Oktober 22)<\/h2>\n\n\n\n<div class=\"wp-block-file\"><a id=\"wp-block-file--media-09909acf-37ee-4811-9913-f5753ad18b78\" href=\"https:\/\/horde-der-finsternis.de\/wordpress\/wp-content\/uploads\/2022\/11\/Echo-der-Schlacht-Scheuch-Michael-Hrsg..epub\">Echo-der-Schlacht-als Epub<\/a><a href=\"https:\/\/horde-der-finsternis.de\/wordpress\/wp-content\/uploads\/2022\/11\/Echo-der-Schlacht-Scheuch-Michael-Hrsg..epub\" class=\"wp-block-file__button wp-element-button\" download aria-describedby=\"wp-block-file--media-09909acf-37ee-4811-9913-f5753ad18b78\">Herunterladen<\/a><\/div>\n\n\n\n<div data-wp-interactive=\"core\/file\" class=\"wp-block-file\"><object data-wp-bind--hidden=\"!state.hasPdfPreview\" hidden class=\"wp-block-file__embed\" data=\"https:\/\/horde-der-finsternis.de\/wordpress\/wp-content\/uploads\/2022\/11\/Echo-der-Schlacht_22_11_16.pdf\" type=\"application\/pdf\" style=\"width:100%;height:600px\" aria-label=\"Einbettung von Echo-der-Schlacht_22_11_16.\"><\/object><a id=\"wp-block-file--media-df0a08b9-a330-47a6-aa6b-1468c59eb175\" href=\"https:\/\/horde-der-finsternis.de\/wordpress\/wp-content\/uploads\/2022\/11\/Echo-der-Schlacht_22_11_16.pdf\">Echo-der-Schlacht_22_11_16<\/a><a href=\"https:\/\/horde-der-finsternis.de\/wordpress\/wp-content\/uploads\/2022\/11\/Echo-der-Schlacht_22_11_16.pdf\" class=\"wp-block-file__button wp-element-button\" download aria-describedby=\"wp-block-file--media-df0a08b9-a330-47a6-aa6b-1468c59eb175\">Herunterladen<\/a><\/div>\n\n\n\n<h2 class=\"wp-block-heading\">E-Pub Der Papierkrieg &#8211; Aufstand in Ureban Na Xertes<\/h2>\n\n\n\n<p>Erdacht von Florian Merx. Geschichten von Florian Merx und J\u00f6rg Meierotte:<\/p>\n\n\n<div class=\"wp-block-image\">\n<figure class=\"alignleft is-resized\"><img loading=\"lazy\" decoding=\"async\" width=\"696\" height=\"1024\" src=\"https:\/\/horde-der-finsternis.de\/wordpress\/wp-content\/uploads\/2019\/06\/cover-696x1024.jpg\" alt=\"\" class=\"wp-image-112\" style=\"width:153px;height:225px\" srcset=\"https:\/\/horde-der-finsternis.de\/wordpress\/wp-content\/uploads\/2019\/06\/cover-696x1024.jpg 696w, https:\/\/horde-der-finsternis.de\/wordpress\/wp-content\/uploads\/2019\/06\/cover-204x300.jpg 204w, https:\/\/horde-der-finsternis.de\/wordpress\/wp-content\/uploads\/2019\/06\/cover-768x1130.jpg 768w, https:\/\/horde-der-finsternis.de\/wordpress\/wp-content\/uploads\/2019\/06\/cover.jpg 1495w\" sizes=\"auto, (max-width: 696px) 100vw, 696px\" \/><\/figure><\/div>\n\n\n<div class=\"wp-block-file\"><a id=\"wp-block-file--media-7abbbe3b-52ff-4562-af0b-9ffb4a01887f\" href=\"https:\/\/horde-der-finsternis.de\/wordpress\/wp-content\/uploads\/2019\/06\/Aufstand-in-Ureban-Na-Xertes-Merx-Florian.epub\">Der Papierkrieg<\/a><a href=\"https:\/\/horde-der-finsternis.de\/wordpress\/wp-content\/uploads\/2019\/06\/Aufstand-in-Ureban-Na-Xertes-Merx-Florian.epub\" class=\"wp-block-file__button wp-element-button\" download aria-describedby=\"wp-block-file--media-7abbbe3b-52ff-4562-af0b-9ffb4a01887f\">Herunterladen<\/a><\/div>\n\n\n\n<p>Die B\u00fcrokraten f\u00fcrchten um die Macht, die Ministerien um ihren Einfluss, und daher eskaliert, nat\u00fcrlich, der Konflikt auf seine gewaltt\u00e4igste Art und Weise.<\/p>\n\n\n\n<p><\/p>\n\n\n\n<h2 class=\"wp-block-heading\">E-Pub Ismael<\/h2>\n\n\n<div class=\"wp-block-image\">\n<figure class=\"alignleft size-large is-resized\"><img loading=\"lazy\" decoding=\"async\" width=\"745\" height=\"1024\" src=\"https:\/\/horde-der-finsternis.de\/wordpress\/wp-content\/uploads\/2020\/05\/cover-745x1024.jpg\" alt=\"\" class=\"wp-image-137\" style=\"width:178px;height:245px\" srcset=\"https:\/\/horde-der-finsternis.de\/wordpress\/wp-content\/uploads\/2020\/05\/cover-745x1024.jpg 745w, https:\/\/horde-der-finsternis.de\/wordpress\/wp-content\/uploads\/2020\/05\/cover-218x300.jpg 218w, https:\/\/horde-der-finsternis.de\/wordpress\/wp-content\/uploads\/2020\/05\/cover-768x1055.jpg 768w, https:\/\/horde-der-finsternis.de\/wordpress\/wp-content\/uploads\/2020\/05\/cover-1118x1536.jpg 1118w, https:\/\/horde-der-finsternis.de\/wordpress\/wp-content\/uploads\/2020\/05\/cover.jpg 1200w\" sizes=\"auto, (max-width: 745px) 100vw, 745px\" \/><\/figure><\/div>\n\n\n<div class=\"wp-block-file\"><a id=\"wp-block-file--media-85767946-bee5-412f-968c-96487e22ba90\" href=\"https:\/\/horde-der-finsternis.de\/wordpress\/wp-content\/uploads\/2020\/05\/Ismael-Klaus-Erichsen.epub\">Ismael <\/a><a href=\"https:\/\/horde-der-finsternis.de\/wordpress\/wp-content\/uploads\/2020\/05\/Ismael-Klaus-Erichsen.epub\" class=\"wp-block-file__button wp-element-button\" download aria-describedby=\"wp-block-file--media-85767946-bee5-412f-968c-96487e22ba90\">Herunterladen<\/a><\/div>\n\n\n\n<p>Die ewige Schlacht tobt &#8211; Magira ist das Schlachtfeld, und brutale K\u00e4mpfe und t\u00f6dliche Magie bestimmen das Geschehen.<\/p>\n\n\n\n<p><\/p>\n\n\n\n<p><\/p>\n\n\n\n<h2 class=\"wp-block-heading\"><\/h2>\n\n\n\n<div class=\"wp-block-columns is-layout-flex wp-container-core-columns-is-layout-9d6595d7 wp-block-columns-is-layout-flex\">\n<div class=\"wp-block-column is-layout-flow wp-block-column-is-layout-flow\" style=\"flex-basis:100%\"><\/div>\n<\/div>\n\n\n\n<h2 class=\"wp-block-heading\">Grim<\/h2>\n\n\n\n<div class=\"wp-block-media-text alignwide is-stacked-on-mobile\"><figure class=\"wp-block-media-text__media\"><img loading=\"lazy\" decoding=\"async\" width=\"767\" height=\"1024\" src=\"https:\/\/horde-der-finsternis.de\/wordpress\/wp-content\/uploads\/2020\/12\/cover-1-767x1024.jpg\" alt=\"\" class=\"wp-image-160 size-full\" srcset=\"https:\/\/horde-der-finsternis.de\/wordpress\/wp-content\/uploads\/2020\/12\/cover-1-767x1024.jpg 767w, https:\/\/horde-der-finsternis.de\/wordpress\/wp-content\/uploads\/2020\/12\/cover-1-225x300.jpg 225w, https:\/\/horde-der-finsternis.de\/wordpress\/wp-content\/uploads\/2020\/12\/cover-1-768x1026.jpg 768w, https:\/\/horde-der-finsternis.de\/wordpress\/wp-content\/uploads\/2020\/12\/cover-1-1150x1536.jpg 1150w, https:\/\/horde-der-finsternis.de\/wordpress\/wp-content\/uploads\/2020\/12\/cover-1.jpg 1200w\" sizes=\"auto, (max-width: 767px) 100vw, 767px\" \/><\/figure><div class=\"wp-block-media-text__content\">\n<p class=\"has-large-font-size\">Ein Clanther, ein D\u00e4mon und die Horde der Finsternis<\/p>\n<\/div><\/div>\n\n\n\n<div class=\"wp-block-file\"><a id=\"wp-block-file--media-c98970d7-f2eb-485f-9439-f8261f2eedb3\" href=\"https:\/\/horde-der-finsternis.de\/wordpress\/wp-content\/uploads\/2020\/12\/Grim-Arnd-Empting.epub\">Die Geschichte von Grim<\/a><a href=\"https:\/\/horde-der-finsternis.de\/wordpress\/wp-content\/uploads\/2020\/12\/Grim-Arnd-Empting.epub\" class=\"wp-block-file__button wp-element-button\" download aria-describedby=\"wp-block-file--media-c98970d7-f2eb-485f-9439-f8261f2eedb3\">Herunterladen<\/a><\/div>\n\n\n\n<p><\/p>\n","protected":false},"excerpt":{"rendered":"<p>Hier erscheinen nach und nach E-Books mit den Geschichten aus der Horde der Finsternis Macumba erwacht Jeweils die vorl\u00e4ufigen Fassungen &#8211; wird noch h\u00fcbscher gemacht! Widerhall der Welt, Echo der Schlacht (aktualisiert Oktober 22) E-Pub Der Papierkrieg &#8211; Aufstand in &hellip; <a href=\"https:\/\/horde-der-finsternis.de\/wordpress\/e-books\/\">Continue reading <span class=\"meta-nav\">&rarr;<\/span><\/a><\/p>\n","protected":false},"author":2,"featured_media":0,"parent":0,"menu_order":0,"comment_status":"closed","ping_status":"closed","template":"","meta":{"footnotes":""},"class_list":["post-108","page","type-page","status-publish","hentry"],"_links":{"self":[{"href":"https:\/\/horde-der-finsternis.de\/wordpress\/wp-json\/wp\/v2\/pages\/108","targetHints":{"allow":["GET"]}}],"collection":[{"href":"https:\/\/horde-der-finsternis.de\/wordpress\/wp-json\/wp\/v2\/pages"}],"about":[{"href":"https:\/\/horde-der-finsternis.de\/wordpress\/wp-json\/wp\/v2\/types\/page"}],"author":[{"embeddable":true,"href":"https:\/\/horde-der-finsternis.de\/wordpress\/wp-json\/wp\/v2\/users\/2"}],"replies":[{"embeddable":true,"href":"https:\/\/horde-der-finsternis.de\/wordpress\/wp-json\/wp\/v2\/comments?post=108"}],"version-history":[{"count":14,"href":"https:\/\/horde-der-finsternis.de\/wordpress\/wp-json\/wp\/v2\/pages\/108\/revisions"}],"predecessor-version":[{"id":232,"href":"https:\/\/horde-der-finsternis.de\/wordpress\/wp-json\/wp\/v2\/pages\/108\/revisions\/232"}],"wp:attachment":[{"href":"https:\/\/horde-der-finsternis.de\/wordpress\/wp-json\/wp\/v2\/media?parent=108"}],"curies":[{"name":"wp","href":"https:\/\/api.w.org\/{rel}","templated":true}]}}